{"id":21452,"date":"2024-03-20T19:50:51","date_gmt":"2024-03-20T19:50:51","guid":{"rendered":"https:\/\/new.mandomedio.com\/?page_id=21452"},"modified":"2024-06-13T15:47:01","modified_gmt":"2024-06-13T15:47:01","slug":"blog","status":"publish","type":"page","link":"https:\/\/mandomedio.com\/peru\/blog\/","title":{"rendered":"Blog"},"content":{"rendered":"\t\t<div data-elementor-type=\"wp-page\" data-elementor-id=\"21452\" class=\"elementor elementor-21452\" data-elementor-post-type=\"page\">\n\t\t\t\t<div class=\"elementor-element elementor-element-e82e894 e-flex e-con-boxed e-con e-parent\" data-id=\"e82e894\" data-element_type=\"container\" data-e-type=\"container\">\n\t\t\t\t\t<div class=\"e-con-inner\">\n\t\t<div class=\"elementor-element elementor-element-e504803 e-con-full e-flex e-con e-child\" data-id=\"e504803\" data-element_type=\"container\" data-e-type=\"container\">\n\t\t\t\t<div class=\"elementor-element elementor-element-543480d elementor-widget elementor-widget-heading\" data-id=\"543480d\" data-element_type=\"widget\" data-e-type=\"widget\" data-widget_type=\"heading.default\">\n\t\t\t\t<div class=\"elementor-widget-container\">\n\t\t\t\t\t<h1 class=\"elementor-heading-title elementor-size-default\">Blog de recursos humanos<\/h1>\t\t\t\t<\/div>\n\t\t\t\t<\/div>\n\t\t\t\t<div class=\"elementor-element elementor-element-0263dd4 elementor-widget-divider--view-line elementor-widget elementor-widget-divider\" data-id=\"0263dd4\" data-element_type=\"widget\" data-e-type=\"widget\" data-widget_type=\"divider.default\">\n\t\t\t\t<div class=\"elementor-widget-container\">\n\t\t\t\t\t\t\t<div class=\"elementor-divider\">\n\t\t\t<span class=\"elementor-divider-separator\">\n\t\t\t\t\t\t<\/span>\n\t\t<\/div>\n\t\t\t\t\t\t<\/div>\n\t\t\t\t<\/div>\n\t\t\t\t<div class=\"elementor-element elementor-element-661637e elementor-widget elementor-widget-text-editor\" data-id=\"661637e\" data-element_type=\"widget\" data-e-type=\"widget\" data-widget_type=\"text-editor.default\">\n\t\t\t\t<div class=\"elementor-widget-container\">\n\t\t\t\t\t\t\t\t\t<p>Los contextos cambian y eso obliga a replantear estrategias y metodolog\u00edas, te invitamos a estar informados de tendencias y novedades de Recursos Humanos.\u00a0<\/p>\t\t\t\t\t\t\t\t<\/div>\n\t\t\t\t<\/div>\n\t\t\t\t<\/div>\n\t\t\t\t<div class=\"elementor-element elementor-element-5434592 elementor-widget__width-initial elementor-widget-mobile__width-inherit elementor-widget elementor-widget-image\" data-id=\"5434592\" data-element_type=\"widget\" data-e-type=\"widget\" data-widget_type=\"image.default\">\n\t\t\t\t<div class=\"elementor-widget-container\">\n\t\t\t\t\t\t\t\t\t\t\t\t\t\t\t<img fetchpriority=\"high\" decoding=\"async\" width=\"600\" height=\"400\" src=\"https:\/\/mandomedio.com\/peru\/wp-content\/uploads\/2024\/03\/cap2.webp\" class=\"attachment-large size-large wp-image-141\" alt=\"\" srcset=\"https:\/\/mandomedio.com\/peru\/wp-content\/uploads\/2024\/03\/cap2.webp 600w, https:\/\/mandomedio.com\/peru\/wp-content\/uploads\/2024\/03\/cap2-300x200.webp 300w\" sizes=\"(max-width: 600px) 100vw, 600px\" \/>\t\t\t\t\t\t\t\t\t\t\t\t\t\t\t<\/div>\n\t\t\t\t<\/div>\n\t\t\t\t<div class=\"elementor-element elementor-element-e889c2c elementor-widget__width-inherit elementor-widget elementor-widget-heading\" data-id=\"e889c2c\" data-element_type=\"widget\" data-e-type=\"widget\" data-widget_type=\"heading.default\">\n\t\t\t\t<div class=\"elementor-widget-container\">\n\t\t\t\t\t<h2 class=\"elementor-heading-title elementor-size-default\">Novedades y trending<\/h2>\t\t\t\t<\/div>\n\t\t\t\t<\/div>\n\t\t\t\t<div class=\"elementor-element elementor-element-adefc09 elementor-widget-divider--view-line elementor-widget elementor-widget-divider\" data-id=\"adefc09\" data-element_type=\"widget\" data-e-type=\"widget\" data-widget_type=\"divider.default\">\n\t\t\t\t<div class=\"elementor-widget-container\">\n\t\t\t\t\t\t\t<div class=\"elementor-divider\">\n\t\t\t<span class=\"elementor-divider-separator\">\n\t\t\t\t\t\t<\/span>\n\t\t<\/div>\n\t\t\t\t\t\t<\/div>\n\t\t\t\t<\/div>\n\t\t\t\t<div class=\"elementor-element elementor-element-ae065c4 elementor-grid-3 elementor-grid-tablet-2 elementor-grid-mobile-1 elementor-posts--thumbnail-top elementor-card-shadow-yes elementor-posts__hover-gradient elementor-widget elementor-widget-posts\" data-id=\"ae065c4\" data-element_type=\"widget\" data-e-type=\"widget\" data-settings=\"{&quot;cards_row_gap&quot;:{&quot;unit&quot;:&quot;px&quot;,&quot;size&quot;:57,&quot;sizes&quot;:[]},&quot;pagination_type&quot;:&quot;load_more_infinite_scroll&quot;,&quot;cards_columns&quot;:&quot;3&quot;,&quot;cards_columns_tablet&quot;:&quot;2&quot;,&quot;cards_columns_mobile&quot;:&quot;1&quot;,&quot;cards_row_gap_tablet&quot;:{&quot;unit&quot;:&quot;px&quot;,&quot;size&quot;:&quot;&quot;,&quot;sizes&quot;:[]},&quot;cards_row_gap_mobile&quot;:{&quot;unit&quot;:&quot;px&quot;,&quot;size&quot;:&quot;&quot;,&quot;sizes&quot;:[]},&quot;load_more_spinner&quot;:{&quot;value&quot;:&quot;fas fa-spinner&quot;,&quot;library&quot;:&quot;fa-solid&quot;}}\" data-widget_type=\"posts.cards\">\n\t\t\t\t<div class=\"elementor-widget-container\">\n\t\t\t\t\t\t\t<div class=\"elementor-posts-container elementor-posts elementor-posts--skin-cards elementor-grid\" role=\"list\">\n\t\t\t\t<article class=\"elementor-post elementor-grid-item post-23603 post type-post status-publish format-standard has-post-thumbnail hentry category-uncategorized\" role=\"listitem\">\n\t\t\t<div class=\"elementor-post__card\">\n\t\t\t\t<a class=\"elementor-post__thumbnail__link\" href=\"https:\/\/mandomedio.com\/peru\/blog\/como-elegir-al-candidato-ideal-aplicando-test-y-evaluacion-psicolaboral\/\" tabindex=\"-1\" ><div class=\"elementor-post__thumbnail\"><img decoding=\"async\" width=\"300\" height=\"169\" src=\"https:\/\/mandomedio.com\/peru\/wp-content\/uploads\/2026\/04\/foto_blog_test-y-eva-psicolaboral-copy-300x169.webp\" class=\"attachment-medium size-medium wp-image-23604\" alt=\"\" srcset=\"https:\/\/mandomedio.com\/peru\/wp-content\/uploads\/2026\/04\/foto_blog_test-y-eva-psicolaboral-copy-300x169.webp 300w, https:\/\/mandomedio.com\/peru\/wp-content\/uploads\/2026\/04\/foto_blog_test-y-eva-psicolaboral-copy-768x432.webp 768w, https:\/\/mandomedio.com\/peru\/wp-content\/uploads\/2026\/04\/foto_blog_test-y-eva-psicolaboral-copy.webp 800w\" sizes=\"(max-width: 300px) 100vw, 300px\" \/><\/div><\/a>\n\t\t\t\t<div class=\"elementor-post__text\">\n\t\t\t\t<p class=\"elementor-post__title\">\n\t\t\t<a href=\"https:\/\/mandomedio.com\/peru\/blog\/como-elegir-al-candidato-ideal-aplicando-test-y-evaluacion-psicolaboral\/\" >\n\t\t\t\t\u00bfC\u00f3mo elegir al candidato ideal aplicando test y evaluaci\u00f3n psicolaboral?\t\t\t<\/a>\n\t\t<\/p>\n\t\t\t\t<div class=\"elementor-post__excerpt\">\n\t\t\t<p>Cuando comienza un proceso de selecci\u00f3n, es com\u00fan enfrentarse a un gran n\u00famero de postulantes. \u00bfC\u00f3mo saber, desde el inicio, qui\u00e9nes tienen mayor potencial para<\/p>\n\t\t<\/div>\n\t\t\n\t\t<a class=\"elementor-post__read-more\" href=\"https:\/\/mandomedio.com\/peru\/blog\/como-elegir-al-candidato-ideal-aplicando-test-y-evaluacion-psicolaboral\/\" aria-label=\"Read more about \u00bfC\u00f3mo elegir al candidato ideal aplicando test y evaluaci\u00f3n psicolaboral?\" tabindex=\"-1\" >\n\t\t\tLeer m\u00e1s \u00bb\t\t<\/a>\n\n\t\t\t\t<\/div>\n\t\t\t\t<div class=\"elementor-post__meta-data\">\n\t\t\t\t\t<span class=\"elementor-post-date\">\n\t\t\tApril 9, 2026\t\t<\/span>\n\t\t\t\t<\/div>\n\t\t\t\t\t<\/div>\n\t\t<\/article>\n\t\t\t\t<article class=\"elementor-post elementor-grid-item post-23590 post type-post status-publish format-standard has-post-thumbnail hentry category-uncategorized\" role=\"listitem\">\n\t\t\t<div class=\"elementor-post__card\">\n\t\t\t\t<a class=\"elementor-post__thumbnail__link\" href=\"https:\/\/mandomedio.com\/peru\/blog\/6-errores-que-estan-frenando-el-desarrollo-de-los-lideres-y-que-hacer-para-combatirlo\/\" tabindex=\"-1\" ><div class=\"elementor-post__thumbnail\"><img decoding=\"async\" width=\"300\" height=\"200\" src=\"https:\/\/mandomedio.com\/peru\/wp-content\/uploads\/2026\/03\/foto_blog_errores-que-estan-frenando-a-tus-lideres-copy-300x200.webp\" class=\"attachment-medium size-medium wp-image-23591\" alt=\"\" srcset=\"https:\/\/mandomedio.com\/peru\/wp-content\/uploads\/2026\/03\/foto_blog_errores-que-estan-frenando-a-tus-lideres-copy-300x200.webp 300w, https:\/\/mandomedio.com\/peru\/wp-content\/uploads\/2026\/03\/foto_blog_errores-que-estan-frenando-a-tus-lideres-copy-768x512.webp 768w, https:\/\/mandomedio.com\/peru\/wp-content\/uploads\/2026\/03\/foto_blog_errores-que-estan-frenando-a-tus-lideres-copy.webp 800w\" sizes=\"(max-width: 300px) 100vw, 300px\" \/><\/div><\/a>\n\t\t\t\t<div class=\"elementor-post__text\">\n\t\t\t\t<p class=\"elementor-post__title\">\n\t\t\t<a href=\"https:\/\/mandomedio.com\/peru\/blog\/6-errores-que-estan-frenando-el-desarrollo-de-los-lideres-y-que-hacer-para-combatirlo\/\" >\n\t\t\t\t6 errores que est\u00e1n frenando el desarrollo de los l\u00edderes y qu\u00e9 hacer para combatirlo\t\t\t<\/a>\n\t\t<\/p>\n\t\t\t\t<div class=\"elementor-post__excerpt\">\n\t\t\t<p>Muchas organizaciones invierten grandes presupuestos en programas de capacitaci\u00f3n, pero se enfrentan a una realidad frustrante: el aprendizaje no perdura en el tiempo. \u00bfPor qu\u00e9<\/p>\n\t\t<\/div>\n\t\t\n\t\t<a class=\"elementor-post__read-more\" href=\"https:\/\/mandomedio.com\/peru\/blog\/6-errores-que-estan-frenando-el-desarrollo-de-los-lideres-y-que-hacer-para-combatirlo\/\" aria-label=\"Read more about 6 errores que est\u00e1n frenando el desarrollo de los l\u00edderes y qu\u00e9 hacer para combatirlo\" tabindex=\"-1\" >\n\t\t\tLeer m\u00e1s \u00bb\t\t<\/a>\n\n\t\t\t\t<\/div>\n\t\t\t\t<div class=\"elementor-post__meta-data\">\n\t\t\t\t\t<span class=\"elementor-post-date\">\n\t\t\tMarch 31, 2026\t\t<\/span>\n\t\t\t\t<\/div>\n\t\t\t\t\t<\/div>\n\t\t<\/article>\n\t\t\t\t<article class=\"elementor-post elementor-grid-item post-23580 post type-post status-publish format-standard has-post-thumbnail hentry category-uncategorized\" role=\"listitem\">\n\t\t\t<div class=\"elementor-post__card\">\n\t\t\t\t<a class=\"elementor-post__thumbnail__link\" href=\"https:\/\/mandomedio.com\/peru\/blog\/el-error-de-ver-a-los-practicantes-como-apoyo-como-convertirlos-en-talento-estrategico\/\" tabindex=\"-1\" ><div class=\"elementor-post__thumbnail\"><img loading=\"lazy\" decoding=\"async\" width=\"300\" height=\"200\" src=\"https:\/\/mandomedio.com\/peru\/wp-content\/uploads\/2026\/03\/foto_blog_el-error-de-ver-a-los-practicantes-como-apoyo-copy-300x200.jpg\" class=\"attachment-medium size-medium wp-image-23581\" alt=\"\" srcset=\"https:\/\/mandomedio.com\/peru\/wp-content\/uploads\/2026\/03\/foto_blog_el-error-de-ver-a-los-practicantes-como-apoyo-copy-300x200.jpg 300w, https:\/\/mandomedio.com\/peru\/wp-content\/uploads\/2026\/03\/foto_blog_el-error-de-ver-a-los-practicantes-como-apoyo-copy-768x512.jpg 768w, https:\/\/mandomedio.com\/peru\/wp-content\/uploads\/2026\/03\/foto_blog_el-error-de-ver-a-los-practicantes-como-apoyo-copy.avif 800w\" sizes=\"(max-width: 300px) 100vw, 300px\" \/><\/div><\/a>\n\t\t\t\t<div class=\"elementor-post__text\">\n\t\t\t\t<p class=\"elementor-post__title\">\n\t\t\t<a href=\"https:\/\/mandomedio.com\/peru\/blog\/el-error-de-ver-a-los-practicantes-como-apoyo-como-convertirlos-en-talento-estrategico\/\" >\n\t\t\t\tEl error de ver a los practicantes como apoyo: c\u00f3mo convertirlos en talento estrat\u00e9gico\t\t\t<\/a>\n\t\t<\/p>\n\t\t\t\t<div class=\"elementor-post__excerpt\">\n\t\t\t<p>En muchas organizaciones, los practicantes contin\u00faan siendo incorporados como una soluci\u00f3n operativa: apoyo al equipo, ejecuci\u00f3n de tareas puntuales o soporte en momentos de alta<\/p>\n\t\t<\/div>\n\t\t\n\t\t<a class=\"elementor-post__read-more\" href=\"https:\/\/mandomedio.com\/peru\/blog\/el-error-de-ver-a-los-practicantes-como-apoyo-como-convertirlos-en-talento-estrategico\/\" aria-label=\"Read more about El error de ver a los practicantes como apoyo: c\u00f3mo convertirlos en talento estrat\u00e9gico\" tabindex=\"-1\" >\n\t\t\tLeer m\u00e1s \u00bb\t\t<\/a>\n\n\t\t\t\t<\/div>\n\t\t\t\t<div class=\"elementor-post__meta-data\">\n\t\t\t\t\t<span class=\"elementor-post-date\">\n\t\t\tMarch 24, 2026\t\t<\/span>\n\t\t\t\t<\/div>\n\t\t\t\t\t<\/div>\n\t\t<\/article>\n\t\t\t\t<article class=\"elementor-post elementor-grid-item post-23567 post type-post status-publish format-standard has-post-thumbnail hentry category-uncategorized\" role=\"listitem\">\n\t\t\t<div class=\"elementor-post__card\">\n\t\t\t\t<a class=\"elementor-post__thumbnail__link\" href=\"https:\/\/mandomedio.com\/peru\/blog\/aprende-a-elegir-el-test-psicolaboral-adecuado-para-tus-procesos-de-seleccion\/\" tabindex=\"-1\" ><div class=\"elementor-post__thumbnail\"><img loading=\"lazy\" decoding=\"async\" width=\"300\" height=\"200\" src=\"https:\/\/mandomedio.com\/peru\/wp-content\/uploads\/2026\/03\/foto_blog_como-elegir-el-test-adecuado-2-copy-300x200.jpg\" class=\"attachment-medium size-medium wp-image-23568\" alt=\"\" srcset=\"https:\/\/mandomedio.com\/peru\/wp-content\/uploads\/2026\/03\/foto_blog_como-elegir-el-test-adecuado-2-copy-300x200.jpg 300w, https:\/\/mandomedio.com\/peru\/wp-content\/uploads\/2026\/03\/foto_blog_como-elegir-el-test-adecuado-2-copy-768x513.jpg 768w, https:\/\/mandomedio.com\/peru\/wp-content\/uploads\/2026\/03\/foto_blog_como-elegir-el-test-adecuado-2-copy.avif 800w\" sizes=\"(max-width: 300px) 100vw, 300px\" \/><\/div><\/a>\n\t\t\t\t<div class=\"elementor-post__text\">\n\t\t\t\t<p class=\"elementor-post__title\">\n\t\t\t<a href=\"https:\/\/mandomedio.com\/peru\/blog\/aprende-a-elegir-el-test-psicolaboral-adecuado-para-tus-procesos-de-seleccion\/\" >\n\t\t\t\tAprende a elegir el test psicolaboral adecuado para tus procesos de selecci\u00f3n\t\t\t<\/a>\n\t\t<\/p>\n\t\t\t\t<div class=\"elementor-post__excerpt\">\n\t\t\t<p>Elegir el test psicolaboral id\u00f3neo puede marcar la diferencia en un proceso de selecci\u00f3n. En esta nota te presentamos cu\u00e1les son los test psicolaborales m\u00e1s<\/p>\n\t\t<\/div>\n\t\t\n\t\t<a class=\"elementor-post__read-more\" href=\"https:\/\/mandomedio.com\/peru\/blog\/aprende-a-elegir-el-test-psicolaboral-adecuado-para-tus-procesos-de-seleccion\/\" aria-label=\"Read more about Aprende a elegir el test psicolaboral adecuado para tus procesos de selecci\u00f3n\" tabindex=\"-1\" >\n\t\t\tLeer m\u00e1s \u00bb\t\t<\/a>\n\n\t\t\t\t<\/div>\n\t\t\t\t<div class=\"elementor-post__meta-data\">\n\t\t\t\t\t<span class=\"elementor-post-date\">\n\t\t\tMarch 20, 2026\t\t<\/span>\n\t\t\t\t<\/div>\n\t\t\t\t\t<\/div>\n\t\t<\/article>\n\t\t\t\t<\/div>\n\t\t\t\t\t<span class=\"e-load-more-spinner\">\n\t\t\t\t<svg aria-hidden=\"true\" class=\"e-font-icon-svg e-fas-spinner\" viewBox=\"0 0 512 512\" xmlns=\"http:\/\/www.w3.org\/2000\/svg\"><path d=\"M304 48c0 26.51-21.49 48-48 48s-48-21.49-48-48 21.49-48 48-48 48 21.49 48 48zm-48 368c-26.51 0-48 21.49-48 48s21.49 48 48 48 48-21.49 48-48-21.49-48-48-48zm208-208c-26.51 0-48 21.49-48 48s21.49 48 48 48 48-21.49 48-48-21.49-48-48-48zM96 256c0-26.51-21.49-48-48-48S0 229.49 0 256s21.49 48 48 48 48-21.49 48-48zm12.922 99.078c-26.51 0-48 21.49-48 48s21.49 48 48 48 48-21.49 48-48c0-26.509-21.491-48-48-48zm294.156 0c-26.51 0-48 21.49-48 48s21.49 48 48 48 48-21.49 48-48c0-26.509-21.49-48-48-48zM108.922 60.922c-26.51 0-48 21.49-48 48s21.49 48 48 48 48-21.49 48-48-21.491-48-48-48z\"><\/path><\/svg>\t\t\t<\/span>\n\t\t\n\t\t\t\t<div class=\"e-load-more-anchor\" data-page=\"1\" data-max-page=\"63\" data-next-page=\"https:\/\/mandomedio.com\/peru\/wp-json\/wp\/v2\/pages\/21452\/page\/2\/\"><\/div>\n\t\t\t\t<div class=\"e-load-more-message\"><\/div>\n\t\t\t\t\t\t<\/div>\n\t\t\t\t<\/div>\n\t\t\t\t\t<\/div>\n\t\t\t\t<\/div>\n\t\t\t\t<\/div>\n\t\t","protected":false},"excerpt":{"rendered":"<p>Blog de recursos humanos Los contextos cambian y eso obliga a replantear estrategias y metodolog\u00edas, te invitamos a estar informados de tendencias y novedades de Recursos Humanos.\u00a0 Novedades y trending<\/p>\n","protected":false},"author":1,"featured_media":22067,"parent":0,"menu_order":0,"comment_status":"closed","ping_status":"closed","template":"","meta":{"footnotes":""},"class_list":["post-21452","page","type-page","status-publish","has-post-thumbnail","hentry"],"yoast_head":"<!-- This site is optimized with the Yoast SEO plugin v26.9 - https:\/\/yoast.com\/product\/yoast-seo-wordpress\/ -->\n<title>Blog de recursos humanos - Mandomedio<\/title>\n<meta name=\"description\" content=\"\u00a1Bienvenido a nuestro blog de recursos humanos! Encuentra contenidos e informaci\u00f3n que necesitas. \u00a1Cont\u00e1ctanos y conoce m\u00e1s!\" \/>\n<meta name=\"robots\" content=\"index, follow, max-snippet:-1, max-image-preview:large, max-video-preview:-1\" \/>\n<link rel=\"canonical\" href=\"https:\/\/mandomedio.com\/peru\/blog\/\" \/>\n<meta property=\"og:locale\" content=\"en_US\" \/>\n<meta property=\"og:type\" content=\"article\" \/>\n<meta property=\"og:title\" content=\"Blog de recursos humanos - Mandomedio\" \/>\n<meta property=\"og:description\" content=\"\u00a1Bienvenido a nuestro blog de recursos humanos! Encuentra contenidos e informaci\u00f3n que necesitas. \u00a1Cont\u00e1ctanos y conoce m\u00e1s!\" \/>\n<meta property=\"og:url\" content=\"https:\/\/mandomedio.com\/peru\/blog\/\" \/>\n<meta property=\"og:site_name\" content=\"Mandomedio.com\" \/>\n<meta property=\"article:modified_time\" content=\"2024-06-13T15:47:01+00:00\" \/>\n<meta property=\"og:image\" content=\"https:\/\/mandomedio.com\/peru\/wp-content\/uploads\/2024\/06\/Logotipo-vertical-2024-fondo-azul.png\" \/>\n\t<meta property=\"og:image:width\" content=\"1200\" \/>\n\t<meta property=\"og:image:height\" content=\"1200\" \/>\n\t<meta property=\"og:image:type\" content=\"image\/png\" \/>\n<meta name=\"twitter:card\" content=\"summary_large_image\" \/>\n<meta name=\"twitter:label1\" content=\"Est. reading time\" \/>\n\t<meta name=\"twitter:data1\" content=\"3 minutes\" \/>\n<script type=\"application\/ld+json\" class=\"yoast-schema-graph\">{\"@context\":\"https:\/\/schema.org\",\"@graph\":[{\"@type\":\"WebPage\",\"@id\":\"https:\/\/mandomedio.com\/peru\/blog\/\",\"url\":\"https:\/\/mandomedio.com\/peru\/blog\/\",\"name\":\"Blog de recursos humanos - Mandomedio\",\"isPartOf\":{\"@id\":\"https:\/\/mandomedio.com\/peru\/#website\"},\"primaryImageOfPage\":{\"@id\":\"https:\/\/mandomedio.com\/peru\/blog\/#primaryimage\"},\"image\":{\"@id\":\"https:\/\/mandomedio.com\/peru\/blog\/#primaryimage\"},\"thumbnailUrl\":\"https:\/\/mandomedio.com\/peru\/wp-content\/uploads\/2024\/06\/Logotipo-vertical-2024-fondo-azul.png\",\"datePublished\":\"2024-03-20T19:50:51+00:00\",\"dateModified\":\"2024-06-13T15:47:01+00:00\",\"description\":\"\u00a1Bienvenido a nuestro blog de recursos humanos! Encuentra contenidos e informaci\u00f3n que necesitas. \u00a1Cont\u00e1ctanos y conoce m\u00e1s!\",\"breadcrumb\":{\"@id\":\"https:\/\/mandomedio.com\/peru\/blog\/#breadcrumb\"},\"inLanguage\":\"en-US\",\"potentialAction\":[{\"@type\":\"ReadAction\",\"target\":[\"https:\/\/mandomedio.com\/peru\/blog\/\"]}]},{\"@type\":\"ImageObject\",\"inLanguage\":\"en-US\",\"@id\":\"https:\/\/mandomedio.com\/peru\/blog\/#primaryimage\",\"url\":\"https:\/\/mandomedio.com\/peru\/wp-content\/uploads\/2024\/06\/Logotipo-vertical-2024-fondo-azul.png\",\"contentUrl\":\"https:\/\/mandomedio.com\/peru\/wp-content\/uploads\/2024\/06\/Logotipo-vertical-2024-fondo-azul.png\",\"width\":1200,\"height\":1200},{\"@type\":\"BreadcrumbList\",\"@id\":\"https:\/\/mandomedio.com\/peru\/blog\/#breadcrumb\",\"itemListElement\":[{\"@type\":\"ListItem\",\"position\":1,\"name\":\"Home\",\"item\":\"https:\/\/mandomedio.com\/peru\/\"},{\"@type\":\"ListItem\",\"position\":2,\"name\":\"Blog\"}]},{\"@type\":\"WebSite\",\"@id\":\"https:\/\/mandomedio.com\/peru\/#website\",\"url\":\"https:\/\/mandomedio.com\/peru\/\",\"name\":\"Mandomedio.com\",\"description\":\"\",\"potentialAction\":[{\"@type\":\"SearchAction\",\"target\":{\"@type\":\"EntryPoint\",\"urlTemplate\":\"https:\/\/mandomedio.com\/peru\/?s={search_term_string}\"},\"query-input\":{\"@type\":\"PropertyValueSpecification\",\"valueRequired\":true,\"valueName\":\"search_term_string\"}}],\"inLanguage\":\"en-US\"}]}<\/script>\n<!-- \/ Yoast SEO plugin. -->","yoast_head_json":{"title":"Blog de recursos humanos - Mandomedio","description":"\u00a1Bienvenido a nuestro blog de recursos humanos! Encuentra contenidos e informaci\u00f3n que necesitas. \u00a1Cont\u00e1ctanos y conoce m\u00e1s!","robots":{"index":"index","follow":"follow","max-snippet":"max-snippet:-1","max-image-preview":"max-image-preview:large","max-video-preview":"max-video-preview:-1"},"canonical":"https:\/\/mandomedio.com\/peru\/blog\/","og_locale":"en_US","og_type":"article","og_title":"Blog de recursos humanos - Mandomedio","og_description":"\u00a1Bienvenido a nuestro blog de recursos humanos! Encuentra contenidos e informaci\u00f3n que necesitas. \u00a1Cont\u00e1ctanos y conoce m\u00e1s!","og_url":"https:\/\/mandomedio.com\/peru\/blog\/","og_site_name":"Mandomedio.com","article_modified_time":"2024-06-13T15:47:01+00:00","og_image":[{"width":1200,"height":1200,"url":"https:\/\/mandomedio.com\/peru\/wp-content\/uploads\/2024\/06\/Logotipo-vertical-2024-fondo-azul.png","type":"image\/png"}],"twitter_card":"summary_large_image","twitter_misc":{"Est. reading time":"3 minutes"},"schema":{"@context":"https:\/\/schema.org","@graph":[{"@type":"WebPage","@id":"https:\/\/mandomedio.com\/peru\/blog\/","url":"https:\/\/mandomedio.com\/peru\/blog\/","name":"Blog de recursos humanos - Mandomedio","isPartOf":{"@id":"https:\/\/mandomedio.com\/peru\/#website"},"primaryImageOfPage":{"@id":"https:\/\/mandomedio.com\/peru\/blog\/#primaryimage"},"image":{"@id":"https:\/\/mandomedio.com\/peru\/blog\/#primaryimage"},"thumbnailUrl":"https:\/\/mandomedio.com\/peru\/wp-content\/uploads\/2024\/06\/Logotipo-vertical-2024-fondo-azul.png","datePublished":"2024-03-20T19:50:51+00:00","dateModified":"2024-06-13T15:47:01+00:00","description":"\u00a1Bienvenido a nuestro blog de recursos humanos! Encuentra contenidos e informaci\u00f3n que necesitas. \u00a1Cont\u00e1ctanos y conoce m\u00e1s!","breadcrumb":{"@id":"https:\/\/mandomedio.com\/peru\/blog\/#breadcrumb"},"inLanguage":"en-US","potentialAction":[{"@type":"ReadAction","target":["https:\/\/mandomedio.com\/peru\/blog\/"]}]},{"@type":"ImageObject","inLanguage":"en-US","@id":"https:\/\/mandomedio.com\/peru\/blog\/#primaryimage","url":"https:\/\/mandomedio.com\/peru\/wp-content\/uploads\/2024\/06\/Logotipo-vertical-2024-fondo-azul.png","contentUrl":"https:\/\/mandomedio.com\/peru\/wp-content\/uploads\/2024\/06\/Logotipo-vertical-2024-fondo-azul.png","width":1200,"height":1200},{"@type":"BreadcrumbList","@id":"https:\/\/mandomedio.com\/peru\/blog\/#breadcrumb","itemListElement":[{"@type":"ListItem","position":1,"name":"Home","item":"https:\/\/mandomedio.com\/peru\/"},{"@type":"ListItem","position":2,"name":"Blog"}]},{"@type":"WebSite","@id":"https:\/\/mandomedio.com\/peru\/#website","url":"https:\/\/mandomedio.com\/peru\/","name":"Mandomedio.com","description":"","potentialAction":[{"@type":"SearchAction","target":{"@type":"EntryPoint","urlTemplate":"https:\/\/mandomedio.com\/peru\/?s={search_term_string}"},"query-input":{"@type":"PropertyValueSpecification","valueRequired":true,"valueName":"search_term_string"}}],"inLanguage":"en-US"}]}},"_links":{"self":[{"href":"https:\/\/mandomedio.com\/peru\/wp-json\/wp\/v2\/pages\/21452","targetHints":{"allow":["GET"]}}],"collection":[{"href":"https:\/\/mandomedio.com\/peru\/wp-json\/wp\/v2\/pages"}],"about":[{"href":"https:\/\/mandomedio.com\/peru\/wp-json\/wp\/v2\/types\/page"}],"author":[{"embeddable":true,"href":"https:\/\/mandomedio.com\/peru\/wp-json\/wp\/v2\/users\/1"}],"replies":[{"embeddable":true,"href":"https:\/\/mandomedio.com\/peru\/wp-json\/wp\/v2\/comments?post=21452"}],"version-history":[{"count":5,"href":"https:\/\/mandomedio.com\/peru\/wp-json\/wp\/v2\/pages\/21452\/revisions"}],"predecessor-version":[{"id":22094,"href":"https:\/\/mandomedio.com\/peru\/wp-json\/wp\/v2\/pages\/21452\/revisions\/22094"}],"wp:featuredmedia":[{"embeddable":true,"href":"https:\/\/mandomedio.com\/peru\/wp-json\/wp\/v2\/media\/22067"}],"wp:attachment":[{"href":"https:\/\/mandomedio.com\/peru\/wp-json\/wp\/v2\/media?parent=21452"}],"curies":[{"name":"wp","href":"https:\/\/api.w.org\/{rel}","templated":true}]}}